{"id":1409,"date":"2022-04-20T15:30:25","date_gmt":"2022-04-20T13:30:25","guid":{"rendered":"https:\/\/www.chateaudesgirards.fr\/the-annex\/"},"modified":"2025-01-15T16:55:05","modified_gmt":"2025-01-15T15:55:05","slug":"the-annex","status":"publish","type":"page","link":"https:\/\/www.chateaudesgirards.fr\/en\/the-annex\/","title":{"rendered":"The Annex"},"content":{"rendered":"\t\t<div data-elementor-type=\"wp-page\" data-elementor-id=\"1409\" class=\"elementor elementor-1409 elementor-27\" data-elementor-post-type=\"page\">\n\t\t\t\t<div class=\"elementor-element elementor-element-a2e0f02 e-flex e-con-boxed e-con e-parent\" data-id=\"a2e0f02\" data-element_type=\"container\" data-e-type=\"container\" data-settings=\"{&quot;background_background&quot;:&quot;classic&quot;}\">\n\t\t\t\t\t<div class=\"e-con-inner\">\n\t\t\t\t<div class=\"elementor-element elementor-element-383f916 elementor-widget-mobile__width-initial elementor-widget elementor-widget-heading\" data-id=\"383f916\" data-element_type=\"widget\" data-e-type=\"widget\" data-widget_type=\"heading.default\">\n\t\t\t\t<div class=\"elementor-widget-container\">\n\t\t\t\t\t<h1 class=\"elementor-heading-title elementor-size-default\">The annex<\/h1>\t\t\t\t<\/div>\n\t\t\t\t<\/div>\n\t\t\t\t<div class=\"elementor-element elementor-element-120f4f1 elementor-widget__width-auto elementor-widget elementor-widget-html\" data-id=\"120f4f1\" data-element_type=\"widget\" data-e-type=\"widget\" data-widget_type=\"html.default\">\n\t\t\t\t<div class=\"elementor-widget-container\">\n\t\t\t\t\t<a href=\"#annexe\">\n    <div class=\"scroll\"><\/div>\n<\/a>\t\t\t\t<\/div>\n\t\t\t\t<\/div>\n\t\t\t\t\t<\/div>\n\t\t\t\t<\/div>\n\t\t<div class=\"elementor-element elementor-element-fc43665 e-flex e-con-boxed e-con e-parent\" data-id=\"fc43665\" data-element_type=\"container\" data-e-type=\"container\" id=\"annexe\">\n\t\t\t\t\t<div class=\"e-con-inner\">\n\t\t<div class=\"elementor-element elementor-element-67eee4b e-con-full e-flex e-con e-child\" data-id=\"67eee4b\" data-element_type=\"container\" data-e-type=\"container\">\n\t\t\t\t<div class=\"elementor-element elementor-element-2048a37 elementor-widget elementor-widget-image\" data-id=\"2048a37\" data-element_type=\"widget\" data-e-type=\"widget\" data-widget_type=\"image.default\">\n\t\t\t\t<div class=\"elementor-widget-container\">\n\t\t\t\t\t\t\t\t\t\t\t\t\t\t\t<img fetchpriority=\"high\" decoding=\"async\" width=\"1151\" height=\"1440\" src=\"https:\/\/www.chateaudesgirards.fr\/wp-content\/uploads\/2024\/06\/chambre-etage-annexe-chateau-des-girards-1151x1440-1.webp\" class=\"attachment-full size-full wp-image-1311\" alt=\"\" srcset=\"https:\/\/www.chateaudesgirards.fr\/wp-content\/uploads\/2024\/06\/chambre-etage-annexe-chateau-des-girards-1151x1440-1.webp 1151w, https:\/\/www.chateaudesgirards.fr\/wp-content\/uploads\/2024\/06\/chambre-etage-annexe-chateau-des-girards-1151x1440-1-240x300.webp 240w, https:\/\/www.chateaudesgirards.fr\/wp-content\/uploads\/2024\/06\/chambre-etage-annexe-chateau-des-girards-1151x1440-1-818x1024.webp 818w, https:\/\/www.chateaudesgirards.fr\/wp-content\/uploads\/2024\/06\/chambre-etage-annexe-chateau-des-girards-1151x1440-1-768x961.webp 768w, https:\/\/www.chateaudesgirards.fr\/wp-content\/uploads\/2024\/06\/chambre-etage-annexe-chateau-des-girards-1151x1440-1-1080x1351.webp 1080w, https:\/\/www.chateaudesgirards.fr\/wp-content\/uploads\/2024\/06\/chambre-etage-annexe-chateau-des-girards-1151x1440-1-980x1226.webp 980w, https:\/\/www.chateaudesgirards.fr\/wp-content\/uploads\/2024\/06\/chambre-etage-annexe-chateau-des-girards-1151x1440-1-480x601.webp 480w\" sizes=\"(max-width: 1151px) 100vw, 1151px\" \/>\t\t\t\t\t\t\t\t\t\t\t\t\t\t\t<\/div>\n\t\t\t\t<\/div>\n\t\t\t\t<\/div>\n\t\t<div class=\"elementor-element elementor-element-4077d60 e-con-full e-flex e-con e-child\" data-id=\"4077d60\" data-element_type=\"container\" data-e-type=\"container\">\n\t\t\t\t<div class=\"elementor-element elementor-element-61b73c0 elementor-widget elementor-widget-heading\" data-id=\"61b73c0\" data-element_type=\"widget\" data-e-type=\"widget\" data-widget_type=\"heading.default\">\n\t\t\t\t<div class=\"elementor-widget-container\">\n\t\t\t\t\t<h2 class=\"elementor-heading-title elementor-size-default\">The annex<\/h2>\t\t\t\t<\/div>\n\t\t\t\t<\/div>\n\t\t\t\t<div class=\"elementor-element elementor-element-b8232b3 elementor-widget elementor-widget-text-editor\" data-id=\"b8232b3\" data-element_type=\"widget\" data-e-type=\"widget\" data-widget_type=\"text-editor.default\">\n\t\t\t\t<div class=\"elementor-widget-container\">\n\t\t\t\t\t\t\t\t\t<p>A unique space, the Annex can be rented individually or along with the entire Ch\u00e2teau des Girards for full privatization.<\/p>\n<p>Spread around the spiral staircase, the living and sleeping areas offer, through their clever and charming layout, an unforgettable communal living experience.<\/p>\t\t\t\t\t\t\t\t<\/div>\n\t\t\t\t<\/div>\n\t\t\t\t<div class=\"elementor-element elementor-element-4c26974 elementor-mobile-align-center elementor-widget elementor-widget-button\" data-id=\"4c26974\" data-element_type=\"widget\" data-e-type=\"widget\" data-widget_type=\"button.default\">\n\t\t\t\t<div class=\"elementor-widget-container\">\n\t\t\t\t\t\t\t\t\t<div class=\"elementor-button-wrapper\">\n\t\t\t\t\t<a class=\"elementor-button elementor-button-link elementor-size-sm\" href=\"https:\/\/via.eviivo.com\/en-US\/annexechateaugirards\" target=\"_blank\">\n\t\t\t\t\t\t<span class=\"elementor-button-content-wrapper\">\n\t\t\t\t\t\t\t\t\t<span class=\"elementor-button-text\">Book the annex<\/span>\n\t\t\t\t\t<\/span>\n\t\t\t\t\t<\/a>\n\t\t\t\t<\/div>\n\t\t\t\t\t\t\t\t<\/div>\n\t\t\t\t<\/div>\n\t\t\t\t<\/div>\n\t\t<div class=\"elementor-element elementor-element-4546433 e-con-full e-flex e-con e-child\" data-id=\"4546433\" data-element_type=\"container\" data-e-type=\"container\">\n\t\t\t\t<div class=\"elementor-element elementor-element-38105d8 elementor-widget__width-initial elementor-widget elementor-widget-image\" data-id=\"38105d8\" data-element_type=\"widget\" data-e-type=\"widget\" data-widget_type=\"image.default\">\n\t\t\t\t<div class=\"elementor-widget-container\">\n\t\t\t\t\t\t\t\t\t\t\t\t\t\t\t<img decoding=\"async\" width=\"1252\" height=\"738\" src=\"https:\/\/www.chateaudesgirards.fr\/wp-content\/uploads\/2024\/06\/cuisine-annexe-chateau-des-girards-1252x738-1.webp\" class=\"attachment-full size-full wp-image-1312\" alt=\"\" srcset=\"https:\/\/www.chateaudesgirards.fr\/wp-content\/uploads\/2024\/06\/cuisine-annexe-chateau-des-girards-1252x738-1.webp 1252w, https:\/\/www.chateaudesgirards.fr\/wp-content\/uploads\/2024\/06\/cuisine-annexe-chateau-des-girards-1252x738-1-300x177.webp 300w, https:\/\/www.chateaudesgirards.fr\/wp-content\/uploads\/2024\/06\/cuisine-annexe-chateau-des-girards-1252x738-1-1024x604.webp 1024w, https:\/\/www.chateaudesgirards.fr\/wp-content\/uploads\/2024\/06\/cuisine-annexe-chateau-des-girards-1252x738-1-768x453.webp 768w, https:\/\/www.chateaudesgirards.fr\/wp-content\/uploads\/2024\/06\/cuisine-annexe-chateau-des-girards-1252x738-1-1080x637.webp 1080w, https:\/\/www.chateaudesgirards.fr\/wp-content\/uploads\/2024\/06\/cuisine-annexe-chateau-des-girards-1252x738-1-980x578.webp 980w, https:\/\/www.chateaudesgirards.fr\/wp-content\/uploads\/2024\/06\/cuisine-annexe-chateau-des-girards-1252x738-1-480x283.webp 480w\" sizes=\"(max-width: 1252px) 100vw, 1252px\" \/>\t\t\t\t\t\t\t\t\t\t\t\t\t\t\t<\/div>\n\t\t\t\t<\/div>\n\t\t\t\t<div class=\"elementor-element elementor-element-82805df elementor-widget__width-initial elementor-widget-mobile__width-initial elementor-widget elementor-widget-image\" data-id=\"82805df\" data-element_type=\"widget\" data-e-type=\"widget\" data-widget_type=\"image.default\">\n\t\t\t\t<div class=\"elementor-widget-container\">\n\t\t\t\t\t\t\t\t\t\t\t\t\t\t\t<img decoding=\"async\" width=\"1252\" height=\"900\" src=\"https:\/\/www.chateaudesgirards.fr\/wp-content\/uploads\/2024\/06\/salle-de-bain-annexe-chateau-des-girards-1252x900-1.webp\" class=\"attachment-full size-full wp-image-1314\" alt=\"\" srcset=\"https:\/\/www.chateaudesgirards.fr\/wp-content\/uploads\/2024\/06\/salle-de-bain-annexe-chateau-des-girards-1252x900-1.webp 1252w, https:\/\/www.chateaudesgirards.fr\/wp-content\/uploads\/2024\/06\/salle-de-bain-annexe-chateau-des-girards-1252x900-1-300x216.webp 300w, https:\/\/www.chateaudesgirards.fr\/wp-content\/uploads\/2024\/06\/salle-de-bain-annexe-chateau-des-girards-1252x900-1-1024x736.webp 1024w, https:\/\/www.chateaudesgirards.fr\/wp-content\/uploads\/2024\/06\/salle-de-bain-annexe-chateau-des-girards-1252x900-1-768x552.webp 768w, https:\/\/www.chateaudesgirards.fr\/wp-content\/uploads\/2024\/06\/salle-de-bain-annexe-chateau-des-girards-1252x900-1-1080x776.webp 1080w, https:\/\/www.chateaudesgirards.fr\/wp-content\/uploads\/2024\/06\/salle-de-bain-annexe-chateau-des-girards-1252x900-1-980x704.webp 980w, https:\/\/www.chateaudesgirards.fr\/wp-content\/uploads\/2024\/06\/salle-de-bain-annexe-chateau-des-girards-1252x900-1-480x345.webp 480w\" sizes=\"(max-width: 1252px) 100vw, 1252px\" \/>\t\t\t\t\t\t\t\t\t\t\t\t\t\t\t<\/div>\n\t\t\t\t<\/div>\n\t\t\t\t<\/div>\n\t\t\t\t\t<\/div>\n\t\t\t\t<\/div>\n\t\t<div class=\"elementor-element elementor-element-5754e5a e-flex e-con-boxed e-con e-parent\" data-id=\"5754e5a\" data-element_type=\"container\" data-e-type=\"container\">\n\t\t\t\t\t<div class=\"e-con-inner\">\n\t\t<div class=\"elementor-element elementor-element-278e768 e-con-full e-flex e-con e-child\" data-id=\"278e768\" data-element_type=\"container\" data-e-type=\"container\">\n\t\t\t\t<div class=\"elementor-element elementor-element-a5c389a elementor-widget elementor-widget-heading\" data-id=\"a5c389a\" data-element_type=\"widget\" data-e-type=\"widget\" data-widget_type=\"heading.default\">\n\t\t\t\t<div class=\"elementor-widget-container\">\n\t\t\t\t\t<h2 class=\"elementor-heading-title elementor-size-default\">Stay at the annex<\/h2>\t\t\t\t<\/div>\n\t\t\t\t<\/div>\n\t\t\t\t<div class=\"elementor-element elementor-element-3417e96 elementor-widget elementor-widget-text-editor\" data-id=\"3417e96\" data-element_type=\"widget\" data-e-type=\"widget\" data-widget_type=\"text-editor.default\">\n\t\t\t\t<div class=\"elementor-widget-container\">\n\t\t\t\t\t\t\t\t\t<p>With its independent access, the Annex can accommodate up to 14 people.<\/p>\n<p><strong>6 alcoves:<\/strong> 140 cm bed in each alcove.<\/p>\n<p><strong>1 bedroom upstairs:<\/strong> 160 cm bed (2 people).<\/p>\n<p><strong>Upstairs bathroom:<\/strong> 2 showers, 2 double sinks, 2 toilets.<\/p>\t\t\t\t\t\t\t\t<\/div>\n\t\t\t\t<\/div>\n\t\t\t\t<div class=\"elementor-element elementor-element-b04aeb3 elementor-mobile-align-center elementor-widget elementor-widget-button\" data-id=\"b04aeb3\" data-element_type=\"widget\" data-e-type=\"widget\" data-widget_type=\"button.default\">\n\t\t\t\t<div class=\"elementor-widget-container\">\n\t\t\t\t\t\t\t\t\t<div class=\"elementor-button-wrapper\">\n\t\t\t\t\t<a class=\"elementor-button elementor-button-link elementor-size-sm\" href=\"https:\/\/via.eviivo.com\/en-US\/annexechateaugirards\" target=\"_blank\">\n\t\t\t\t\t\t<span class=\"elementor-button-content-wrapper\">\n\t\t\t\t\t\t\t\t\t<span class=\"elementor-button-text\">Book the annex<\/span>\n\t\t\t\t\t<\/span>\n\t\t\t\t\t<\/a>\n\t\t\t\t<\/div>\n\t\t\t\t\t\t\t\t<\/div>\n\t\t\t\t<\/div>\n\t\t\t\t<\/div>\n\t\t\t\t\t<\/div>\n\t\t\t\t<\/div>\n\t\t<div class=\"elementor-element elementor-element-058299e e-flex e-con-boxed e-con e-parent\" data-id=\"058299e\" data-element_type=\"container\" data-e-type=\"container\">\n\t\t\t\t\t<div class=\"e-con-inner\">\n\t\t<div class=\"elementor-element elementor-element-2d24845 e-con-full e-flex e-con e-child\" data-id=\"2d24845\" data-element_type=\"container\" data-e-type=\"container\">\n\t\t\t\t<div class=\"elementor-element elementor-element-c2f849d elementor-widget__width-initial elementor-widget elementor-widget-image\" data-id=\"c2f849d\" data-element_type=\"widget\" data-e-type=\"widget\" data-widget_type=\"image.default\">\n\t\t\t\t<div class=\"elementor-widget-container\">\n\t\t\t\t\t\t\t\t\t\t\t\t\t\t\t<img loading=\"lazy\" decoding=\"async\" width=\"1151\" height=\"1440\" src=\"https:\/\/www.chateaudesgirards.fr\/wp-content\/uploads\/2024\/06\/cuisine-annexe-chateau-des-girards-1151x1440-1.webp\" class=\"attachment-full size-full wp-image-1313\" alt=\"\" srcset=\"https:\/\/www.chateaudesgirards.fr\/wp-content\/uploads\/2024\/06\/cuisine-annexe-chateau-des-girards-1151x1440-1.webp 1151w, https:\/\/www.chateaudesgirards.fr\/wp-content\/uploads\/2024\/06\/cuisine-annexe-chateau-des-girards-1151x1440-1-240x300.webp 240w, https:\/\/www.chateaudesgirards.fr\/wp-content\/uploads\/2024\/06\/cuisine-annexe-chateau-des-girards-1151x1440-1-818x1024.webp 818w, https:\/\/www.chateaudesgirards.fr\/wp-content\/uploads\/2024\/06\/cuisine-annexe-chateau-des-girards-1151x1440-1-768x961.webp 768w, https:\/\/www.chateaudesgirards.fr\/wp-content\/uploads\/2024\/06\/cuisine-annexe-chateau-des-girards-1151x1440-1-1080x1351.webp 1080w, https:\/\/www.chateaudesgirards.fr\/wp-content\/uploads\/2024\/06\/cuisine-annexe-chateau-des-girards-1151x1440-1-980x1226.webp 980w, https:\/\/www.chateaudesgirards.fr\/wp-content\/uploads\/2024\/06\/cuisine-annexe-chateau-des-girards-1151x1440-1-480x601.webp 480w\" sizes=\"(max-width: 1151px) 100vw, 1151px\" \/>\t\t\t\t\t\t\t\t\t\t\t\t\t\t\t<\/div>\n\t\t\t\t<\/div>\n\t\t\t\t<div class=\"elementor-element elementor-element-4ee82f4 elementor-widget__width-initial elementor-widget elementor-widget-image\" data-id=\"4ee82f4\" data-element_type=\"widget\" data-e-type=\"widget\" data-widget_type=\"image.default\">\n\t\t\t\t<div class=\"elementor-widget-container\">\n\t\t\t\t\t\t\t\t\t\t\t\t\t\t\t<img loading=\"lazy\" decoding=\"async\" width=\"1151\" height=\"1440\" src=\"https:\/\/www.chateaudesgirards.fr\/wp-content\/uploads\/2024\/06\/cuisine-annexe-1151x1440-1.webp\" class=\"attachment-full size-full wp-image-1315\" alt=\"\" srcset=\"https:\/\/www.chateaudesgirards.fr\/wp-content\/uploads\/2024\/06\/cuisine-annexe-1151x1440-1.webp 1151w, https:\/\/www.chateaudesgirards.fr\/wp-content\/uploads\/2024\/06\/cuisine-annexe-1151x1440-1-240x300.webp 240w, https:\/\/www.chateaudesgirards.fr\/wp-content\/uploads\/2024\/06\/cuisine-annexe-1151x1440-1-818x1024.webp 818w, https:\/\/www.chateaudesgirards.fr\/wp-content\/uploads\/2024\/06\/cuisine-annexe-1151x1440-1-768x961.webp 768w, https:\/\/www.chateaudesgirards.fr\/wp-content\/uploads\/2024\/06\/cuisine-annexe-1151x1440-1-1080x1351.webp 1080w, https:\/\/www.chateaudesgirards.fr\/wp-content\/uploads\/2024\/06\/cuisine-annexe-1151x1440-1-980x1226.webp 980w, https:\/\/www.chateaudesgirards.fr\/wp-content\/uploads\/2024\/06\/cuisine-annexe-1151x1440-1-480x601.webp 480w\" sizes=\"(max-width: 1151px) 100vw, 1151px\" \/>\t\t\t\t\t\t\t\t\t\t\t\t\t\t\t<\/div>\n\t\t\t\t<\/div>\n\t\t\t\t<\/div>\n\t\t\t\t\t<\/div>\n\t\t\t\t<\/div>\n\t\t\t\t<\/div>\n\t\t","protected":false},"excerpt":{"rendered":"<p>The annex The annex A unique space, the Annex can be rented individually or along with the entire Ch\u00e2teau des Girards for full privatization. Spread around the spiral staircase, the living and sleeping areas offer, through their clever and charming layout, an unforgettable communal living experience. Book the annex Stay at the annex With its [&hellip;]<\/p>\n","protected":false},"author":3,"featured_media":1366,"parent":0,"menu_order":3,"comment_status":"closed","ping_status":"closed","template":"","meta":{"footnotes":""},"class_list":["post-1409","page","type-page","status-publish","has-post-thumbnail","hentry"],"yoast_head":"<!-- This site is optimized with the Yoast SEO plugin v27.5 - https:\/\/yoast.com\/product\/yoast-seo-wordpress\/ -->\n<title>The Annex | Ch\u00e2teau des Girards<\/title>\n<meta name=\"description\" content=\"Stay at the Annex of Ch\u00e2teau des Girards, a charming and welcoming space, perfect for a peaceful retreat in the heart of nature.\" \/>\n<meta name=\"robots\" content=\"index, follow, max-snippet:-1, max-image-preview:large, max-video-preview:-1\" \/>\n<link rel=\"canonical\" href=\"https:\/\/www.chateaudesgirards.fr\/en\/the-annex\/\" \/>\n<meta property=\"og:locale\" content=\"en_US\" \/>\n<meta property=\"og:type\" content=\"article\" \/>\n<meta property=\"og:title\" content=\"Discover the Annex at Ch\u00e2teau des Girards\" \/>\n<meta property=\"og:description\" content=\"Stay at the Annex of Ch\u00e2teau des Girards, a charming and welcoming space in the heart of the Vercors. Ideal for a peaceful retreat surrounded by nature!\" \/>\n<meta property=\"og:url\" content=\"https:\/\/www.chateaudesgirards.fr\/en\/the-annex\/\" \/>\n<meta property=\"og:site_name\" content=\"Ch\u00e2teau des Girards\" \/>\n<meta property=\"article:modified_time\" content=\"2025-01-15T15:55:05+00:00\" \/>\n<meta property=\"og:image\" content=\"https:\/\/www.chateaudesgirards.fr\/wp-content\/uploads\/2024\/06\/annexe-chateau-des-girards-1200x630-1-1024x538.webp\" \/>\n<meta name=\"twitter:card\" content=\"summary_large_image\" \/>\n<meta name=\"twitter:title\" content=\"The Annex at Ch\u00e2teau des Girards\" \/>\n<meta name=\"twitter:description\" content=\"Stay at the Annex of Ch\u00e2teau des Girards, a charming space in the heart of the Vercors. Ideal for a peaceful retreat! #Ch\u00e2teauDesGirards #Vercors\" \/>\n<meta name=\"twitter:image\" content=\"https:\/\/www.chateaudesgirards.fr\/wp-content\/uploads\/2024\/06\/annexe-chateau-des-girards-1200x630-1-1024x538.webp\" \/>\n<meta name=\"twitter:site\" content=\"@ChateauGirards\" \/>\n<script type=\"application\/ld+json\" class=\"yoast-schema-graph\">{\"@context\":\"https:\\\/\\\/schema.org\",\"@graph\":[{\"@type\":\"WebPage\",\"@id\":\"https:\\\/\\\/www.chateaudesgirards.fr\\\/en\\\/the-annex\\\/\",\"url\":\"https:\\\/\\\/www.chateaudesgirards.fr\\\/en\\\/the-annex\\\/\",\"name\":\"The Annex | Ch\u00e2teau des Girards\",\"isPartOf\":{\"@id\":\"https:\\\/\\\/www.chateaudesgirards.fr\\\/en\\\/#website\"},\"primaryImageOfPage\":{\"@id\":\"https:\\\/\\\/www.chateaudesgirards.fr\\\/en\\\/the-annex\\\/#primaryimage\"},\"image\":{\"@id\":\"https:\\\/\\\/www.chateaudesgirards.fr\\\/en\\\/the-annex\\\/#primaryimage\"},\"thumbnailUrl\":\"https:\\\/\\\/www.chateaudesgirards.fr\\\/wp-content\\\/uploads\\\/2024\\\/06\\\/annexe-chateau-des-girards-1200x630-1.webp\",\"datePublished\":\"2022-04-20T13:30:25+00:00\",\"dateModified\":\"2025-01-15T15:55:05+00:00\",\"description\":\"Stay at the Annex of Ch\u00e2teau des Girards, a charming and welcoming space, perfect for a peaceful retreat in the heart of nature.\",\"breadcrumb\":{\"@id\":\"https:\\\/\\\/www.chateaudesgirards.fr\\\/en\\\/the-annex\\\/#breadcrumb\"},\"inLanguage\":\"en-US\",\"potentialAction\":[{\"@type\":\"ReadAction\",\"target\":[\"https:\\\/\\\/www.chateaudesgirards.fr\\\/en\\\/the-annex\\\/\"]}]},{\"@type\":\"ImageObject\",\"inLanguage\":\"en-US\",\"@id\":\"https:\\\/\\\/www.chateaudesgirards.fr\\\/en\\\/the-annex\\\/#primaryimage\",\"url\":\"https:\\\/\\\/www.chateaudesgirards.fr\\\/wp-content\\\/uploads\\\/2024\\\/06\\\/annexe-chateau-des-girards-1200x630-1.webp\",\"contentUrl\":\"https:\\\/\\\/www.chateaudesgirards.fr\\\/wp-content\\\/uploads\\\/2024\\\/06\\\/annexe-chateau-des-girards-1200x630-1.webp\",\"width\":1200,\"height\":630},{\"@type\":\"BreadcrumbList\",\"@id\":\"https:\\\/\\\/www.chateaudesgirards.fr\\\/en\\\/the-annex\\\/#breadcrumb\",\"itemListElement\":[{\"@type\":\"ListItem\",\"position\":1,\"name\":\"Accueil\",\"item\":\"https:\\\/\\\/www.chateaudesgirards.fr\\\/en\\\/home\\\/\"},{\"@type\":\"ListItem\",\"position\":2,\"name\":\"The Annex\"}]},{\"@type\":\"WebSite\",\"@id\":\"https:\\\/\\\/www.chateaudesgirards.fr\\\/en\\\/#website\",\"url\":\"https:\\\/\\\/www.chateaudesgirards.fr\\\/en\\\/\",\"name\":\"Ch\u00e2teau des Girards\",\"description\":\"Ch\u00e2teau des Girards\",\"publisher\":{\"@id\":\"https:\\\/\\\/www.chateaudesgirards.fr\\\/en\\\/#organization\"},\"potentialAction\":[{\"@type\":\"SearchAction\",\"target\":{\"@type\":\"EntryPoint\",\"urlTemplate\":\"https:\\\/\\\/www.chateaudesgirards.fr\\\/en\\\/?s={search_term_string}\"},\"query-input\":{\"@type\":\"PropertyValueSpecification\",\"valueRequired\":true,\"valueName\":\"search_term_string\"}}],\"inLanguage\":\"en-US\"},{\"@type\":\"Organization\",\"@id\":\"https:\\\/\\\/www.chateaudesgirards.fr\\\/en\\\/#organization\",\"name\":\"Ch\u00e2teau des Girards\",\"url\":\"https:\\\/\\\/www.chateaudesgirards.fr\\\/en\\\/\",\"logo\":{\"@type\":\"ImageObject\",\"inLanguage\":\"en-US\",\"@id\":\"https:\\\/\\\/www.chateaudesgirards.fr\\\/en\\\/#\\\/schema\\\/logo\\\/image\\\/\",\"url\":\"https:\\\/\\\/www.chateaudesgirards.fr\\\/wp-content\\\/uploads\\\/2022\\\/04\\\/Chateau-des-Girards.svg\",\"contentUrl\":\"https:\\\/\\\/www.chateaudesgirards.fr\\\/wp-content\\\/uploads\\\/2022\\\/04\\\/Chateau-des-Girards.svg\",\"width\":1,\"height\":1,\"caption\":\"Ch\u00e2teau des Girards\"},\"image\":{\"@id\":\"https:\\\/\\\/www.chateaudesgirards.fr\\\/en\\\/#\\\/schema\\\/logo\\\/image\\\/\"},\"sameAs\":[\"https:\\\/\\\/x.com\\\/ChateauGirards\",\"https:\\\/\\\/www.instagram.com\\\/chateaudesgirards\"]}]}<\/script>\n<!-- \/ Yoast SEO plugin. -->","yoast_head_json":{"title":"The Annex | Ch\u00e2teau des Girards","description":"Stay at the Annex of Ch\u00e2teau des Girards, a charming and welcoming space, perfect for a peaceful retreat in the heart of nature.","robots":{"index":"index","follow":"follow","max-snippet":"max-snippet:-1","max-image-preview":"max-image-preview:large","max-video-preview":"max-video-preview:-1"},"canonical":"https:\/\/www.chateaudesgirards.fr\/en\/the-annex\/","og_locale":"en_US","og_type":"article","og_title":"Discover the Annex at Ch\u00e2teau des Girards","og_description":"Stay at the Annex of Ch\u00e2teau des Girards, a charming and welcoming space in the heart of the Vercors. Ideal for a peaceful retreat surrounded by nature!","og_url":"https:\/\/www.chateaudesgirards.fr\/en\/the-annex\/","og_site_name":"Ch\u00e2teau des Girards","article_modified_time":"2025-01-15T15:55:05+00:00","og_image":[{"url":"https:\/\/www.chateaudesgirards.fr\/wp-content\/uploads\/2024\/06\/annexe-chateau-des-girards-1200x630-1-1024x538.webp","type":"","width":"","height":""}],"twitter_card":"summary_large_image","twitter_title":"The Annex at Ch\u00e2teau des Girards","twitter_description":"Stay at the Annex of Ch\u00e2teau des Girards, a charming space in the heart of the Vercors. Ideal for a peaceful retreat! #Ch\u00e2teauDesGirards #Vercors","twitter_image":"https:\/\/www.chateaudesgirards.fr\/wp-content\/uploads\/2024\/06\/annexe-chateau-des-girards-1200x630-1-1024x538.webp","twitter_site":"@ChateauGirards","schema":{"@context":"https:\/\/schema.org","@graph":[{"@type":"WebPage","@id":"https:\/\/www.chateaudesgirards.fr\/en\/the-annex\/","url":"https:\/\/www.chateaudesgirards.fr\/en\/the-annex\/","name":"The Annex | Ch\u00e2teau des Girards","isPartOf":{"@id":"https:\/\/www.chateaudesgirards.fr\/en\/#website"},"primaryImageOfPage":{"@id":"https:\/\/www.chateaudesgirards.fr\/en\/the-annex\/#primaryimage"},"image":{"@id":"https:\/\/www.chateaudesgirards.fr\/en\/the-annex\/#primaryimage"},"thumbnailUrl":"https:\/\/www.chateaudesgirards.fr\/wp-content\/uploads\/2024\/06\/annexe-chateau-des-girards-1200x630-1.webp","datePublished":"2022-04-20T13:30:25+00:00","dateModified":"2025-01-15T15:55:05+00:00","description":"Stay at the Annex of Ch\u00e2teau des Girards, a charming and welcoming space, perfect for a peaceful retreat in the heart of nature.","breadcrumb":{"@id":"https:\/\/www.chateaudesgirards.fr\/en\/the-annex\/#breadcrumb"},"inLanguage":"en-US","potentialAction":[{"@type":"ReadAction","target":["https:\/\/www.chateaudesgirards.fr\/en\/the-annex\/"]}]},{"@type":"ImageObject","inLanguage":"en-US","@id":"https:\/\/www.chateaudesgirards.fr\/en\/the-annex\/#primaryimage","url":"https:\/\/www.chateaudesgirards.fr\/wp-content\/uploads\/2024\/06\/annexe-chateau-des-girards-1200x630-1.webp","contentUrl":"https:\/\/www.chateaudesgirards.fr\/wp-content\/uploads\/2024\/06\/annexe-chateau-des-girards-1200x630-1.webp","width":1200,"height":630},{"@type":"BreadcrumbList","@id":"https:\/\/www.chateaudesgirards.fr\/en\/the-annex\/#breadcrumb","itemListElement":[{"@type":"ListItem","position":1,"name":"Accueil","item":"https:\/\/www.chateaudesgirards.fr\/en\/home\/"},{"@type":"ListItem","position":2,"name":"The Annex"}]},{"@type":"WebSite","@id":"https:\/\/www.chateaudesgirards.fr\/en\/#website","url":"https:\/\/www.chateaudesgirards.fr\/en\/","name":"Ch\u00e2teau des Girards","description":"Ch\u00e2teau des Girards","publisher":{"@id":"https:\/\/www.chateaudesgirards.fr\/en\/#organization"},"potentialAction":[{"@type":"SearchAction","target":{"@type":"EntryPoint","urlTemplate":"https:\/\/www.chateaudesgirards.fr\/en\/?s={search_term_string}"},"query-input":{"@type":"PropertyValueSpecification","valueRequired":true,"valueName":"search_term_string"}}],"inLanguage":"en-US"},{"@type":"Organization","@id":"https:\/\/www.chateaudesgirards.fr\/en\/#organization","name":"Ch\u00e2teau des Girards","url":"https:\/\/www.chateaudesgirards.fr\/en\/","logo":{"@type":"ImageObject","inLanguage":"en-US","@id":"https:\/\/www.chateaudesgirards.fr\/en\/#\/schema\/logo\/image\/","url":"https:\/\/www.chateaudesgirards.fr\/wp-content\/uploads\/2022\/04\/Chateau-des-Girards.svg","contentUrl":"https:\/\/www.chateaudesgirards.fr\/wp-content\/uploads\/2022\/04\/Chateau-des-Girards.svg","width":1,"height":1,"caption":"Ch\u00e2teau des Girards"},"image":{"@id":"https:\/\/www.chateaudesgirards.fr\/en\/#\/schema\/logo\/image\/"},"sameAs":["https:\/\/x.com\/ChateauGirards","https:\/\/www.instagram.com\/chateaudesgirards"]}]}},"_links":{"self":[{"href":"https:\/\/www.chateaudesgirards.fr\/en\/wp-json\/wp\/v2\/pages\/1409","targetHints":{"allow":["GET"]}}],"collection":[{"href":"https:\/\/www.chateaudesgirards.fr\/en\/wp-json\/wp\/v2\/pages"}],"about":[{"href":"https:\/\/www.chateaudesgirards.fr\/en\/wp-json\/wp\/v2\/types\/page"}],"author":[{"embeddable":true,"href":"https:\/\/www.chateaudesgirards.fr\/en\/wp-json\/wp\/v2\/users\/3"}],"replies":[{"embeddable":true,"href":"https:\/\/www.chateaudesgirards.fr\/en\/wp-json\/wp\/v2\/comments?post=1409"}],"version-history":[{"count":7,"href":"https:\/\/www.chateaudesgirards.fr\/en\/wp-json\/wp\/v2\/pages\/1409\/revisions"}],"predecessor-version":[{"id":1493,"href":"https:\/\/www.chateaudesgirards.fr\/en\/wp-json\/wp\/v2\/pages\/1409\/revisions\/1493"}],"wp:featuredmedia":[{"embeddable":true,"href":"https:\/\/www.chateaudesgirards.fr\/en\/wp-json\/wp\/v2\/media\/1366"}],"wp:attachment":[{"href":"https:\/\/www.chateaudesgirards.fr\/en\/wp-json\/wp\/v2\/media?parent=1409"}],"curies":[{"name":"wp","href":"https:\/\/api.w.org\/{rel}","templated":true}]}}