{"id":1417,"date":"2022-07-06T13:09:35","date_gmt":"2022-07-06T11:09:35","guid":{"rendered":"https:\/\/www.chateaudesgirards.fr\/activities\/"},"modified":"2024-09-08T18:18:06","modified_gmt":"2024-09-08T16:18:06","slug":"activities","status":"publish","type":"page","link":"https:\/\/www.chateaudesgirards.fr\/en\/activities\/","title":{"rendered":"Activities"},"content":{"rendered":"\t\t<div data-elementor-type=\"wp-page\" data-elementor-id=\"1417\" class=\"elementor elementor-1417 elementor-483\" data-elementor-post-type=\"page\">\n\t\t\t\t<div class=\"elementor-element elementor-element-cb5ae91 e-flex e-con-boxed e-con e-parent\" data-id=\"cb5ae91\" data-element_type=\"container\" data-e-type=\"container\" data-settings=\"{&quot;background_background&quot;:&quot;classic&quot;}\">\n\t\t\t\t\t<div class=\"e-con-inner\">\n\t\t\t\t<div class=\"elementor-element elementor-element-2be77d9 elementor-widget-mobile__width-initial elementor-widget elementor-widget-heading\" data-id=\"2be77d9\" data-element_type=\"widget\" data-e-type=\"widget\" data-widget_type=\"heading.default\">\n\t\t\t\t<div class=\"elementor-widget-container\">\n\t\t\t\t\t<h1 class=\"elementor-heading-title elementor-size-default\">The activities<\/h1>\t\t\t\t<\/div>\n\t\t\t\t<\/div>\n\t\t\t\t<div class=\"elementor-element elementor-element-2427187 elementor-widget__width-auto elementor-widget elementor-widget-html\" data-id=\"2427187\" data-element_type=\"widget\" data-e-type=\"widget\" data-widget_type=\"html.default\">\n\t\t\t\t<div class=\"elementor-widget-container\">\n\t\t\t\t\t<a href=\"#activites\">\n    <div class=\"scroll\"><\/div>\n<\/a>\t\t\t\t<\/div>\n\t\t\t\t<\/div>\n\t\t\t\t\t<\/div>\n\t\t\t\t<\/div>\n\t\t<div class=\"elementor-element elementor-element-5ea333b e-flex e-con-boxed e-con e-parent\" data-id=\"5ea333b\" data-element_type=\"container\" data-e-type=\"container\" id=\"activites\">\n\t\t\t\t\t<div class=\"e-con-inner\">\n\t\t<div class=\"elementor-element elementor-element-b692d6d e-con-full e-flex e-con e-child\" data-id=\"b692d6d\" data-element_type=\"container\" data-e-type=\"container\">\n\t\t\t\t<div class=\"elementor-element elementor-element-7a46992 elementor-widget elementor-widget-image\" data-id=\"7a46992\" data-element_type=\"widget\" data-e-type=\"widget\" data-widget_type=\"image.default\">\n\t\t\t\t<div class=\"elementor-widget-container\">\n\t\t\t\t\t\t\t\t\t\t\t\t\t\t\t<img fetchpriority=\"high\" decoding=\"async\" width=\"1150\" height=\"1440\" src=\"https:\/\/www.chateaudesgirards.fr\/wp-content\/uploads\/2024\/06\/portail-entree-chateau-des-girards-1150x1440-1.webp\" class=\"attachment-full size-full wp-image-1319\" alt=\"\" srcset=\"https:\/\/www.chateaudesgirards.fr\/wp-content\/uploads\/2024\/06\/portail-entree-chateau-des-girards-1150x1440-1.webp 1150w, https:\/\/www.chateaudesgirards.fr\/wp-content\/uploads\/2024\/06\/portail-entree-chateau-des-girards-1150x1440-1-240x300.webp 240w, https:\/\/www.chateaudesgirards.fr\/wp-content\/uploads\/2024\/06\/portail-entree-chateau-des-girards-1150x1440-1-818x1024.webp 818w, https:\/\/www.chateaudesgirards.fr\/wp-content\/uploads\/2024\/06\/portail-entree-chateau-des-girards-1150x1440-1-768x962.webp 768w, https:\/\/www.chateaudesgirards.fr\/wp-content\/uploads\/2024\/06\/portail-entree-chateau-des-girards-1150x1440-1-1080x1352.webp 1080w, https:\/\/www.chateaudesgirards.fr\/wp-content\/uploads\/2024\/06\/portail-entree-chateau-des-girards-1150x1440-1-980x1227.webp 980w, https:\/\/www.chateaudesgirards.fr\/wp-content\/uploads\/2024\/06\/portail-entree-chateau-des-girards-1150x1440-1-480x601.webp 480w\" sizes=\"(max-width: 1150px) 100vw, 1150px\" \/>\t\t\t\t\t\t\t\t\t\t\t\t\t\t\t<\/div>\n\t\t\t\t<\/div>\n\t\t\t\t<\/div>\n\t\t<div class=\"elementor-element elementor-element-e2c05a5 e-con-full e-flex e-con e-child\" data-id=\"e2c05a5\" data-element_type=\"container\" data-e-type=\"container\">\n\t\t\t\t<div class=\"elementor-element elementor-element-09ddbf2 elementor-widget elementor-widget-heading\" data-id=\"09ddbf2\" data-element_type=\"widget\" data-e-type=\"widget\" data-widget_type=\"heading.default\">\n\t\t\t\t<div class=\"elementor-widget-container\">\n\t\t\t\t\t<h2 class=\"elementor-heading-title elementor-size-default\">Activities at the estate<\/h2>\t\t\t\t<\/div>\n\t\t\t\t<\/div>\n\t\t\t\t<div class=\"elementor-element elementor-element-df39d86 elementor-widget elementor-widget-text-editor\" data-id=\"df39d86\" data-element_type=\"widget\" data-e-type=\"widget\" data-widget_type=\"text-editor.default\">\n\t\t\t\t<div class=\"elementor-widget-container\">\n\t\t\t\t\t\t\t\t\t<p>&#8211; Swimming in the indoor pool<br \/>&#8211; Jacuzzi area<br \/>&#8211; Ping pong<br \/>&#8211; Barbecue<br \/>&#8211; Outdoor games for children<\/p>\n\t\t\t\t\t\t\t\t<\/div>\n\t\t\t\t<\/div>\n\t\t\t\t<\/div>\n\t\t\t\t\t<\/div>\n\t\t\t\t<\/div>\n\t\t<div class=\"elementor-element elementor-element-8f2ae56 e-flex e-con-boxed e-con e-parent\" data-id=\"8f2ae56\" data-element_type=\"container\" data-e-type=\"container\">\n\t\t\t\t\t<div class=\"e-con-inner\">\n\t\t<div class=\"elementor-element elementor-element-033c4be e-con-full e-flex e-con e-child\" data-id=\"033c4be\" data-element_type=\"container\" data-e-type=\"container\">\n\t\t\t\t<div class=\"elementor-element elementor-element-c729e49 elementor-widget elementor-widget-heading\" data-id=\"c729e49\" data-element_type=\"widget\" data-e-type=\"widget\" data-widget_type=\"heading.default\">\n\t\t\t\t<div class=\"elementor-widget-container\">\n\t\t\t\t\t<h2 class=\"elementor-heading-title elementor-size-default\">Activities in the Vercors, in summer<\/h2>\t\t\t\t<\/div>\n\t\t\t\t<\/div>\n\t\t\t\t<div class=\"elementor-element elementor-element-f728c26 elementor-widget__width-initial elementor-widget elementor-widget-text-editor\" data-id=\"f728c26\" data-element_type=\"widget\" data-e-type=\"widget\" data-widget_type=\"text-editor.default\">\n\t\t\t\t<div class=\"elementor-widget-container\">\n\t\t\t\t\t\t\t\t\t<p>&#8211; Hiking from the ch\u00e2teau<br \/>&#8211; At Corren\u00e7on-en-Vercors (Follow the GR trail and have lunch at the must-visit Clariant)<\/p>\n<p><strong>At Bois Barbu<\/strong><br \/>Visit the Village of Valchevri\u00e8re, walk down to the village.<\/p>\n<p><strong>At La Moli\u00e8re<\/strong><br \/>Take a walk on the Moli\u00e8re Plateau, altitude 1709 m.<br \/>Have lunch at the Refuge des Feneys. <\/p>\n<p><strong>At Nave, Autrans<\/strong><br \/>Take a walk towards the Banc de l\u2019Ours.<\/p>\n<p>Golf at Corren\u00e7on<br \/>Horseback riding<br \/>Donkey rides<br \/>Fishing<br \/>Caving<br \/>Canyoning<br \/>Climbing, mountaineering, via ferrata<br \/>Paragliding<br \/>Airboarding<\/p>\n\t\t\t\t\t\t\t\t<\/div>\n\t\t\t\t<\/div>\n\t\t\t\t<\/div>\n\t\t<div class=\"elementor-element elementor-element-0cd0b77 e-con-full e-flex e-con e-child\" data-id=\"0cd0b77\" data-element_type=\"container\" data-e-type=\"container\">\n\t\t\t\t<div class=\"elementor-element elementor-element-4870eeb elementor-widget elementor-widget-heading\" data-id=\"4870eeb\" data-element_type=\"widget\" data-e-type=\"widget\" data-widget_type=\"heading.default\">\n\t\t\t\t<div class=\"elementor-widget-container\">\n\t\t\t\t\t<h2 class=\"elementor-heading-title elementor-size-default\">Activities in the Vercors, in winter<\/h2>\t\t\t\t<\/div>\n\t\t\t\t<\/div>\n\t\t\t\t<div class=\"elementor-element elementor-element-0616a52 elementor-widget__width-initial elementor-widget elementor-widget-text-editor\" data-id=\"0616a52\" data-element_type=\"widget\" data-e-type=\"widget\" data-widget_type=\"text-editor.default\">\n\t\t\t\t<div class=\"elementor-widget-container\">\n\t\t\t\t\t\t\t\t\t<p><strong>Skiing<\/strong><\/p>\n<p>ESF Lans-en-Vercors<br \/>Tel. +33 (0)4 76 95 43 19<br \/>Website: <a href=\"https:\/\/www.esf-lans-en-vercors.net\/\" target=\"_blank\" rel=\"noopener\">www.esf-lans-en-vercors.net<\/a>  <\/p>\n<p>ESF Villard-de-Lans<br \/>Tel. +33 (0)4 76 95 10 94<br \/>Website: <a href=\"https:\/\/www.esf-villard-de-lans.net\/\">www.esf-villard-de-lans.net<\/a> <\/p>\n<p><strong>Snowshoeing<\/strong> starting from the Ch\u00e2teau<\/p>\n<p><strong>Biathlon<\/strong><\/p>\n<p>ESF Villard-de-Lans (C\u00e9line Zan\u00e9la)<br \/>Mobile: +33 (0)6 82 63 60 07<br \/>Website: <a href=\"https:\/\/www.esf-villard-de-lans.net\/\">www.esf-villard-de-lans.net<\/a> <\/p>\n<p>Altitude Biathlon<br \/>Nicolas TERMIER<br \/>Website: <a href=\"https:\/\/www.altitude-biathlon.com\/\">www.altitude-biathlon.com<\/a><\/p>\n\t\t\t\t\t\t\t\t<\/div>\n\t\t\t\t<\/div>\n\t\t\t\t<\/div>\n\t\t\t\t\t<\/div>\n\t\t\t\t<\/div>\n\t\t<div class=\"elementor-element elementor-element-4071cfa e-flex e-con-boxed e-con e-parent\" data-id=\"4071cfa\" data-element_type=\"container\" data-e-type=\"container\">\n\t\t\t\t\t<div class=\"e-con-inner\">\n\t\t<div class=\"elementor-element elementor-element-7a587eb e-con-full e-flex e-con e-child\" data-id=\"7a587eb\" data-element_type=\"container\" data-e-type=\"container\">\n\t\t\t\t<div class=\"elementor-element elementor-element-0add206 elementor-widget__width-inherit elementor-widget elementor-widget-heading\" data-id=\"0add206\" data-element_type=\"widget\" data-e-type=\"widget\" data-widget_type=\"heading.default\">\n\t\t\t\t<div class=\"elementor-widget-container\">\n\t\t\t\t\t<h2 class=\"elementor-heading-title elementor-size-default\">Exploration by motorcycle or car<\/h2>\t\t\t\t<\/div>\n\t\t\t\t<\/div>\n\t\t\t\t<div class=\"elementor-element elementor-element-553cec4 elementor-widget__width-auto elementor-widget elementor-widget-text-editor\" data-id=\"553cec4\" data-element_type=\"widget\" data-e-type=\"widget\" data-widget_type=\"text-editor.default\">\n\t\t\t\t<div class=\"elementor-widget-container\">\n\t\t\t\t\t\t\t\t\t<p><strong>Excursions<\/strong><br \/>&#8211; Visit the Gorges de la Bourne<br \/>&#8211; The Choranche Caves, a must-see<br \/>&#8211; Stop at Cabane Caf\u00e9<br \/>&#8211; Pont-en-Royans (suspended houses)<br \/>&#8211; The Paddlewheel Boat in Saint-Nazaire-en-Royans<br \/>&#8211; Head towards Southern Vercors<br \/>&#8211; Vassieux Resistance Memorial<br \/>&#8211; Col du Rousset, eagle watching<br \/>&#8211; Descend to Die, in the Dr\u00f4me<\/p>\n\t\t\t\t\t\t\t\t<\/div>\n\t\t\t\t<\/div>\n\t\t\t\t<div class=\"elementor-element elementor-element-f995392 elementor-widget__width-initial elementor-widget elementor-widget-image\" data-id=\"f995392\" data-element_type=\"widget\" data-e-type=\"widget\" data-widget_type=\"image.default\">\n\t\t\t\t<div class=\"elementor-widget-container\">\n\t\t\t\t\t\t\t\t\t\t\t\t<figure class=\"wp-caption\">\n\t\t\t\t\t\t\t\t\t\t<img decoding=\"async\" width=\"1440\" height=\"810\" src=\"https:\/\/www.chateaudesgirards.fr\/wp-content\/uploads\/2024\/06\/gorges-de-la-bourne-vercors-1440x810-1.webp\" class=\"attachment-full size-full wp-image-1320\" alt=\"\" srcset=\"https:\/\/www.chateaudesgirards.fr\/wp-content\/uploads\/2024\/06\/gorges-de-la-bourne-vercors-1440x810-1.webp 1440w, https:\/\/www.chateaudesgirards.fr\/wp-content\/uploads\/2024\/06\/gorges-de-la-bourne-vercors-1440x810-1-300x169.webp 300w, https:\/\/www.chateaudesgirards.fr\/wp-content\/uploads\/2024\/06\/gorges-de-la-bourne-vercors-1440x810-1-1024x576.webp 1024w, https:\/\/www.chateaudesgirards.fr\/wp-content\/uploads\/2024\/06\/gorges-de-la-bourne-vercors-1440x810-1-768x432.webp 768w, https:\/\/www.chateaudesgirards.fr\/wp-content\/uploads\/2024\/06\/gorges-de-la-bourne-vercors-1440x810-1-1080x608.webp 1080w, https:\/\/www.chateaudesgirards.fr\/wp-content\/uploads\/2024\/06\/gorges-de-la-bourne-vercors-1440x810-1-1280x720.webp 1280w, https:\/\/www.chateaudesgirards.fr\/wp-content\/uploads\/2024\/06\/gorges-de-la-bourne-vercors-1440x810-1-980x551.webp 980w, https:\/\/www.chateaudesgirards.fr\/wp-content\/uploads\/2024\/06\/gorges-de-la-bourne-vercors-1440x810-1-480x270.webp 480w\" sizes=\"(max-width: 1440px) 100vw, 1440px\" \/>\t\t\t\t\t\t\t\t\t\t\t<figcaption class=\"widget-image-caption wp-caption-text\">Gorges de la Bourne<\/figcaption>\n\t\t\t\t\t\t\t\t\t\t<\/figure>\n\t\t\t\t\t\t\t\t\t<\/div>\n\t\t\t\t<\/div>\n\t\t\t\t<\/div>\n\t\t\t\t\t<\/div>\n\t\t\t\t<\/div>\n\t\t\t\t<\/div>\n\t\t","protected":false},"excerpt":{"rendered":"<p>The activities Activities at the estate &#8211; Swimming in the indoor pool&#8211; Jacuzzi area&#8211; Ping pong&#8211; Barbecue&#8211; Outdoor games for children Activities in the Vercors, in summer &#8211; Hiking from the ch\u00e2teau&#8211; At Corren\u00e7on-en-Vercors (Follow the GR trail and have lunch at the must-visit Clariant) At Bois BarbuVisit the Village of Valchevri\u00e8re, walk down to [&hellip;]<\/p>\n","protected":false},"author":3,"featured_media":1371,"parent":0,"menu_order":6,"comment_status":"closed","ping_status":"closed","template":"","meta":{"footnotes":""},"class_list":["post-1417","page","type-page","status-publish","has-post-thumbnail","hentry"],"yoast_head":"<!-- This site is optimized with the Yoast SEO plugin v27.6 - https:\/\/yoast.com\/product\/yoast-seo-wordpress\/ -->\n<title>Activities | Ch\u00e2teau des Girards<\/title>\n<meta name=\"description\" content=\"Discover the activities to enjoy around Ch\u00e2teau des Girards, from hiking to horseback riding, for a full experience in the Vercors.\" \/>\n<meta name=\"robots\" content=\"index, follow, max-snippet:-1, max-image-preview:large, max-video-preview:-1\" \/>\n<link rel=\"canonical\" href=\"https:\/\/www.chateaudesgirards.fr\/en\/activities\/\" \/>\n<meta property=\"og:locale\" content=\"en_US\" \/>\n<meta property=\"og:type\" content=\"article\" \/>\n<meta property=\"og:title\" content=\"Explore the Activities Around Ch\u00e2teau des Girards\" \/>\n<meta property=\"og:description\" content=\"Explore the many activities available around Ch\u00e2teau des Girards, from outdoor adventures to cultural leisure, for a complete experience in the heart of the Vercors!\" \/>\n<meta property=\"og:url\" content=\"https:\/\/www.chateaudesgirards.fr\/en\/activities\/\" \/>\n<meta property=\"og:site_name\" content=\"Ch\u00e2teau des Girards\" \/>\n<meta property=\"article:modified_time\" content=\"2024-09-08T16:18:06+00:00\" \/>\n<meta property=\"og:image\" content=\"https:\/\/www.chateaudesgirards.fr\/wp-content\/uploads\/2024\/06\/activites-chateau-des-girards-1200x630-1-1024x538.webp\" \/>\n<meta name=\"twitter:card\" content=\"summary_large_image\" \/>\n<meta name=\"twitter:title\" content=\"Activities at Ch\u00e2teau des Girards\" \/>\n<meta name=\"twitter:description\" content=\"Discover the variety of activities around Ch\u00e2teau des Girards: nature, culture, adventure. A complete experience in the heart of the Vercors! #Ch\u00e2teauDesGirards #Activities #Vercors\" \/>\n<meta name=\"twitter:image\" content=\"https:\/\/www.chateaudesgirards.fr\/wp-content\/uploads\/2024\/06\/activites-chateau-des-girards-1200x630-1-1024x538.webp\" \/>\n<meta name=\"twitter:site\" content=\"@ChateauGirards\" \/>\n<meta name=\"twitter:label1\" content=\"Est. reading time\" \/>\n\t<meta name=\"twitter:data1\" content=\"1 minute\" \/>\n<script type=\"application\/ld+json\" class=\"yoast-schema-graph\">{\"@context\":\"https:\\\/\\\/schema.org\",\"@graph\":[{\"@type\":\"WebPage\",\"@id\":\"https:\\\/\\\/www.chateaudesgirards.fr\\\/en\\\/activities\\\/\",\"url\":\"https:\\\/\\\/www.chateaudesgirards.fr\\\/en\\\/activities\\\/\",\"name\":\"Activities | Ch\u00e2teau des Girards\",\"isPartOf\":{\"@id\":\"https:\\\/\\\/www.chateaudesgirards.fr\\\/en\\\/#website\"},\"primaryImageOfPage\":{\"@id\":\"https:\\\/\\\/www.chateaudesgirards.fr\\\/en\\\/activities\\\/#primaryimage\"},\"image\":{\"@id\":\"https:\\\/\\\/www.chateaudesgirards.fr\\\/en\\\/activities\\\/#primaryimage\"},\"thumbnailUrl\":\"https:\\\/\\\/www.chateaudesgirards.fr\\\/wp-content\\\/uploads\\\/2024\\\/06\\\/activites-chateau-des-girards-1200x630-1.webp\",\"datePublished\":\"2022-07-06T11:09:35+00:00\",\"dateModified\":\"2024-09-08T16:18:06+00:00\",\"description\":\"Discover the activities to enjoy around Ch\u00e2teau des Girards, from hiking to horseback riding, for a full experience in the Vercors.\",\"breadcrumb\":{\"@id\":\"https:\\\/\\\/www.chateaudesgirards.fr\\\/en\\\/activities\\\/#breadcrumb\"},\"inLanguage\":\"en-US\",\"potentialAction\":[{\"@type\":\"ReadAction\",\"target\":[\"https:\\\/\\\/www.chateaudesgirards.fr\\\/en\\\/activities\\\/\"]}]},{\"@type\":\"ImageObject\",\"inLanguage\":\"en-US\",\"@id\":\"https:\\\/\\\/www.chateaudesgirards.fr\\\/en\\\/activities\\\/#primaryimage\",\"url\":\"https:\\\/\\\/www.chateaudesgirards.fr\\\/wp-content\\\/uploads\\\/2024\\\/06\\\/activites-chateau-des-girards-1200x630-1.webp\",\"contentUrl\":\"https:\\\/\\\/www.chateaudesgirards.fr\\\/wp-content\\\/uploads\\\/2024\\\/06\\\/activites-chateau-des-girards-1200x630-1.webp\",\"width\":1200,\"height\":630},{\"@type\":\"BreadcrumbList\",\"@id\":\"https:\\\/\\\/www.chateaudesgirards.fr\\\/en\\\/activities\\\/#breadcrumb\",\"itemListElement\":[{\"@type\":\"ListItem\",\"position\":1,\"name\":\"Accueil\",\"item\":\"https:\\\/\\\/www.chateaudesgirards.fr\\\/en\\\/home\\\/\"},{\"@type\":\"ListItem\",\"position\":2,\"name\":\"Activities\"}]},{\"@type\":\"WebSite\",\"@id\":\"https:\\\/\\\/www.chateaudesgirards.fr\\\/en\\\/#website\",\"url\":\"https:\\\/\\\/www.chateaudesgirards.fr\\\/en\\\/\",\"name\":\"Ch\u00e2teau des Girards\",\"description\":\"Ch\u00e2teau des Girards\",\"publisher\":{\"@id\":\"https:\\\/\\\/www.chateaudesgirards.fr\\\/en\\\/#organization\"},\"potentialAction\":[{\"@type\":\"SearchAction\",\"target\":{\"@type\":\"EntryPoint\",\"urlTemplate\":\"https:\\\/\\\/www.chateaudesgirards.fr\\\/en\\\/?s={search_term_string}\"},\"query-input\":{\"@type\":\"PropertyValueSpecification\",\"valueRequired\":true,\"valueName\":\"search_term_string\"}}],\"inLanguage\":\"en-US\"},{\"@type\":\"Organization\",\"@id\":\"https:\\\/\\\/www.chateaudesgirards.fr\\\/en\\\/#organization\",\"name\":\"Ch\u00e2teau des Girards\",\"url\":\"https:\\\/\\\/www.chateaudesgirards.fr\\\/en\\\/\",\"logo\":{\"@type\":\"ImageObject\",\"inLanguage\":\"en-US\",\"@id\":\"https:\\\/\\\/www.chateaudesgirards.fr\\\/en\\\/#\\\/schema\\\/logo\\\/image\\\/\",\"url\":\"https:\\\/\\\/www.chateaudesgirards.fr\\\/wp-content\\\/uploads\\\/2022\\\/04\\\/Chateau-des-Girards.svg\",\"contentUrl\":\"https:\\\/\\\/www.chateaudesgirards.fr\\\/wp-content\\\/uploads\\\/2022\\\/04\\\/Chateau-des-Girards.svg\",\"width\":1,\"height\":1,\"caption\":\"Ch\u00e2teau des Girards\"},\"image\":{\"@id\":\"https:\\\/\\\/www.chateaudesgirards.fr\\\/en\\\/#\\\/schema\\\/logo\\\/image\\\/\"},\"sameAs\":[\"https:\\\/\\\/x.com\\\/ChateauGirards\",\"https:\\\/\\\/www.instagram.com\\\/chateaudesgirards\"]}]}<\/script>\n<!-- \/ Yoast SEO plugin. -->","yoast_head_json":{"title":"Activities | Ch\u00e2teau des Girards","description":"Discover the activities to enjoy around Ch\u00e2teau des Girards, from hiking to horseback riding, for a full experience in the Vercors.","robots":{"index":"index","follow":"follow","max-snippet":"max-snippet:-1","max-image-preview":"max-image-preview:large","max-video-preview":"max-video-preview:-1"},"canonical":"https:\/\/www.chateaudesgirards.fr\/en\/activities\/","og_locale":"en_US","og_type":"article","og_title":"Explore the Activities Around Ch\u00e2teau des Girards","og_description":"Explore the many activities available around Ch\u00e2teau des Girards, from outdoor adventures to cultural leisure, for a complete experience in the heart of the Vercors!","og_url":"https:\/\/www.chateaudesgirards.fr\/en\/activities\/","og_site_name":"Ch\u00e2teau des Girards","article_modified_time":"2024-09-08T16:18:06+00:00","og_image":[{"url":"https:\/\/www.chateaudesgirards.fr\/wp-content\/uploads\/2024\/06\/activites-chateau-des-girards-1200x630-1-1024x538.webp","type":"","width":"","height":""}],"twitter_card":"summary_large_image","twitter_title":"Activities at Ch\u00e2teau des Girards","twitter_description":"Discover the variety of activities around Ch\u00e2teau des Girards: nature, culture, adventure. A complete experience in the heart of the Vercors! #Ch\u00e2teauDesGirards #Activities #Vercors","twitter_image":"https:\/\/www.chateaudesgirards.fr\/wp-content\/uploads\/2024\/06\/activites-chateau-des-girards-1200x630-1-1024x538.webp","twitter_site":"@ChateauGirards","twitter_misc":{"Est. reading time":"1 minute"},"schema":{"@context":"https:\/\/schema.org","@graph":[{"@type":"WebPage","@id":"https:\/\/www.chateaudesgirards.fr\/en\/activities\/","url":"https:\/\/www.chateaudesgirards.fr\/en\/activities\/","name":"Activities | Ch\u00e2teau des Girards","isPartOf":{"@id":"https:\/\/www.chateaudesgirards.fr\/en\/#website"},"primaryImageOfPage":{"@id":"https:\/\/www.chateaudesgirards.fr\/en\/activities\/#primaryimage"},"image":{"@id":"https:\/\/www.chateaudesgirards.fr\/en\/activities\/#primaryimage"},"thumbnailUrl":"https:\/\/www.chateaudesgirards.fr\/wp-content\/uploads\/2024\/06\/activites-chateau-des-girards-1200x630-1.webp","datePublished":"2022-07-06T11:09:35+00:00","dateModified":"2024-09-08T16:18:06+00:00","description":"Discover the activities to enjoy around Ch\u00e2teau des Girards, from hiking to horseback riding, for a full experience in the Vercors.","breadcrumb":{"@id":"https:\/\/www.chateaudesgirards.fr\/en\/activities\/#breadcrumb"},"inLanguage":"en-US","potentialAction":[{"@type":"ReadAction","target":["https:\/\/www.chateaudesgirards.fr\/en\/activities\/"]}]},{"@type":"ImageObject","inLanguage":"en-US","@id":"https:\/\/www.chateaudesgirards.fr\/en\/activities\/#primaryimage","url":"https:\/\/www.chateaudesgirards.fr\/wp-content\/uploads\/2024\/06\/activites-chateau-des-girards-1200x630-1.webp","contentUrl":"https:\/\/www.chateaudesgirards.fr\/wp-content\/uploads\/2024\/06\/activites-chateau-des-girards-1200x630-1.webp","width":1200,"height":630},{"@type":"BreadcrumbList","@id":"https:\/\/www.chateaudesgirards.fr\/en\/activities\/#breadcrumb","itemListElement":[{"@type":"ListItem","position":1,"name":"Accueil","item":"https:\/\/www.chateaudesgirards.fr\/en\/home\/"},{"@type":"ListItem","position":2,"name":"Activities"}]},{"@type":"WebSite","@id":"https:\/\/www.chateaudesgirards.fr\/en\/#website","url":"https:\/\/www.chateaudesgirards.fr\/en\/","name":"Ch\u00e2teau des Girards","description":"Ch\u00e2teau des Girards","publisher":{"@id":"https:\/\/www.chateaudesgirards.fr\/en\/#organization"},"potentialAction":[{"@type":"SearchAction","target":{"@type":"EntryPoint","urlTemplate":"https:\/\/www.chateaudesgirards.fr\/en\/?s={search_term_string}"},"query-input":{"@type":"PropertyValueSpecification","valueRequired":true,"valueName":"search_term_string"}}],"inLanguage":"en-US"},{"@type":"Organization","@id":"https:\/\/www.chateaudesgirards.fr\/en\/#organization","name":"Ch\u00e2teau des Girards","url":"https:\/\/www.chateaudesgirards.fr\/en\/","logo":{"@type":"ImageObject","inLanguage":"en-US","@id":"https:\/\/www.chateaudesgirards.fr\/en\/#\/schema\/logo\/image\/","url":"https:\/\/www.chateaudesgirards.fr\/wp-content\/uploads\/2022\/04\/Chateau-des-Girards.svg","contentUrl":"https:\/\/www.chateaudesgirards.fr\/wp-content\/uploads\/2022\/04\/Chateau-des-Girards.svg","width":1,"height":1,"caption":"Ch\u00e2teau des Girards"},"image":{"@id":"https:\/\/www.chateaudesgirards.fr\/en\/#\/schema\/logo\/image\/"},"sameAs":["https:\/\/x.com\/ChateauGirards","https:\/\/www.instagram.com\/chateaudesgirards"]}]}},"_links":{"self":[{"href":"https:\/\/www.chateaudesgirards.fr\/en\/wp-json\/wp\/v2\/pages\/1417","targetHints":{"allow":["GET"]}}],"collection":[{"href":"https:\/\/www.chateaudesgirards.fr\/en\/wp-json\/wp\/v2\/pages"}],"about":[{"href":"https:\/\/www.chateaudesgirards.fr\/en\/wp-json\/wp\/v2\/types\/page"}],"author":[{"embeddable":true,"href":"https:\/\/www.chateaudesgirards.fr\/en\/wp-json\/wp\/v2\/users\/3"}],"replies":[{"embeddable":true,"href":"https:\/\/www.chateaudesgirards.fr\/en\/wp-json\/wp\/v2\/comments?post=1417"}],"version-history":[{"count":1,"href":"https:\/\/www.chateaudesgirards.fr\/en\/wp-json\/wp\/v2\/pages\/1417\/revisions"}],"predecessor-version":[{"id":1418,"href":"https:\/\/www.chateaudesgirards.fr\/en\/wp-json\/wp\/v2\/pages\/1417\/revisions\/1418"}],"wp:featuredmedia":[{"embeddable":true,"href":"https:\/\/www.chateaudesgirards.fr\/en\/wp-json\/wp\/v2\/media\/1371"}],"wp:attachment":[{"href":"https:\/\/www.chateaudesgirards.fr\/en\/wp-json\/wp\/v2\/media?parent=1417"}],"curies":[{"name":"wp","href":"https:\/\/api.w.org\/{rel}","templated":true}]}}